{"id":81,"date":"2020-06-20T17:29:47","date_gmt":"2020-06-20T17:29:47","guid":{"rendered":"https:\/\/carneshop.smartdemowp.com\/?page_id=81"},"modified":"2024-03-19T14:04:10","modified_gmt":"2024-03-19T14:04:10","slug":"weine","status":"publish","type":"page","link":"https:\/\/staging.metzgereikohler.de\/index.php\/weine\/","title":{"rendered":"Weine"},"content":{"rendered":"\t\t<div data-elementor-type=\"wp-page\" data-elementor-id=\"81\" class=\"elementor elementor-81\" data-elementor-post-type=\"page\">\n\t\t\t\t<div class=\"elementor-element elementor-element-c09671d e-con-full e-flex e-con e-parent\" data-id=\"c09671d\" data-element_type=\"container\">\n\t\t\t\t<div class=\"elementor-element elementor-element-1938df1 elementor-widget elementor-widget-global elementor-global-1965 elementor-widget-carneshop_banner\" data-id=\"1938df1\" data-element_type=\"widget\" data-widget_type=\"carneshop_banner.default\">\n\t\t\t\t<div class=\"elementor-widget-container\">\n\t\t\t\t\t\t\t\t<section class=\"main-slider \">\n\t\t\t\t<div class=\"main-slider-carousel owl-theme owl-carousel owl-dots-none\" data-owl='{\"loop\":\"true\",\"autoplay\":\"true\",\"autoplay_speed\":\"8000\",\"arrows\":\"true\"}'>\n\t\t\t\t\t\t\t\t\t\t\t<div class=\"slide-item\">\n\t\t\t\t\t\t\t<div class=\"image-layer\" style=\"background-image:url(https:\/\/staging.metzgereikohler.de\/wp-content\/uploads\/2024\/06\/blur_03-scaled.jpg)\"><\/div>\n\t\t\t\t\t\t\t<div class=\"auto-container\">\n\t\t\t\t\t\t\t\t<div class=\"content-box\">\n\t\t\t\t\t\t\t\t\t<h1>REGIONAL & HOCHWERTIG<\/h1>\n\t\t\t\t\t\t\t\t\t<p>Wir setzen bei unseren Lieferanten auf regionale und hochwertige Partner. Sprechen Sie uns gerne auch dazu an.<\/p>\n\t\t\t\t\t\t\t\t\t<div class=\"btn-box\">\n\t\t\t\t\t\t\t\t\t\t\t\t\t\t\t\t\t\t\t<\/div>\n\t\t\t\t\t\t\t\t<\/div>\n\t\t\t\t\t\t\t<\/div>\n\t\t\t\t\t\t<\/div>\n\t\t\t\t\t\t\t\t\t\t\t<div class=\"slide-item\">\n\t\t\t\t\t\t\t<div class=\"image-layer\" style=\"background-image:url(https:\/\/staging.metzgereikohler.de\/wp-content\/uploads\/2023\/05\/Kohler_069.jpg)\"><\/div>\n\t\t\t\t\t\t\t<div class=\"auto-container\">\n\t\t\t\t\t\t\t\t<div class=\"content-box\">\n\t\t\t\t\t\t\t\t\t<h1>FREUNDLICH & HERZLICH<\/h1>\n\t\t\t\t\t\t\t\t\t<p>Sie legen Wert auf erstklassige Wurst- und Fleischqualit\u00e4t vom Metzger Ihres Vertrauens? Sie wissen ein vielseitiges Angebot an regionalen Spezialit\u00e4ten und herzlichen Service zu sch\u00e4tzen? Sie genie\u00dfen auch gern das gewisse \u201eEss-was\u201c mehr? Dann sind Sie bei Ihrer Metzgerei Kohler im Herzen von Malmsheim genau richtig: Erleben Sie Qualit\u00e4t, die sich schmecken lassen kann!<\/p>\n\t\t\t\t\t\t\t\t\t<div class=\"btn-box\">\n\t\t\t\t\t\t\t\t\t\t\t\t\t\t\t\t\t\t\t<\/div>\n\t\t\t\t\t\t\t\t<\/div>\n\t\t\t\t\t\t\t<\/div>\n\t\t\t\t\t\t<\/div>\n\t\t\t\t\t\t\t\t\t\t\t<div class=\"slide-item\">\n\t\t\t\t\t\t\t<div class=\"image-layer\" style=\"background-image:url(https:\/\/staging.metzgereikohler.de\/wp-content\/uploads\/2023\/05\/Kohler_058.jpg)\"><\/div>\n\t\t\t\t\t\t\t<div class=\"auto-container\">\n\t\t\t\t\t\t\t\t<div class=\"content-box\">\n\t\t\t\t\t\t\t\t\t<h1>VIELFALT VOM FEINSTEN<\/h1>\n\t\t\t\t\t\t\t\t\t<p>Wir bieten Ihnen immer eine gro\u00dfe Auswahl an Produktvariationen an. Sollten Sie W\u00fcnsche dar\u00fcber hinaus haben, so sprechen Sie uns gerne an. Wir finden eine L\u00f6sung.<\/p>\n\t\t\t\t\t\t\t\t\t<div class=\"btn-box\">\n\t\t\t\t\t\t\t\t\t\t\t\t\t\t\t\t\t\t\t<\/div>\n\t\t\t\t\t\t\t\t<\/div>\n\t\t\t\t\t\t\t<\/div>\n\t\t\t\t\t\t<\/div>\n\t\t\t\t\t\t\t\t\t<\/div>\n\t\t\t<\/section>\n\t\t\t\t<\/div>\n\t\t\t\t<\/div>\n\t\t\t\t<\/div>\n\t\t<div class=\"elementor-element elementor-element-d3fa825 e-flex e-con-boxed e-con e-parent\" data-id=\"d3fa825\" data-element_type=\"container\">\n\t\t\t\t\t<div class=\"e-con-inner\">\n\t\t<div class=\"elementor-element elementor-element-5eb015a e-con-full e-flex e-con e-child\" data-id=\"5eb015a\" data-element_type=\"container\">\n\t\t\t\t<div class=\"elementor-element elementor-element-a67ce7c elementor-widget elementor-widget-image\" data-id=\"a67ce7c\" data-element_type=\"widget\" data-widget_type=\"image.default\">\n\t\t\t\t<div class=\"elementor-widget-container\">\n\t\t\t<style>\/*! elementor - v3.21.0 - 26-05-2024 *\/\n.elementor-widget-image{text-align:center}.elementor-widget-image a{display:inline-block}.elementor-widget-image a img[src$=\".svg\"]{width:48px}.elementor-widget-image img{vertical-align:middle;display:inline-block}<\/style>\t\t\t\t\t\t\t\t\t\t<img fetchpriority=\"high\" decoding=\"async\" width=\"300\" height=\"294\" src=\"https:\/\/staging.metzgereikohler.de\/wp-content\/uploads\/2023\/10\/DSC3707_round-300x294.png\" class=\"attachment-medium size-medium wp-image-1741\" alt=\"\" srcset=\"https:\/\/staging.metzgereikohler.de\/wp-content\/uploads\/2023\/10\/DSC3707_round-300x294.png 300w, https:\/\/staging.metzgereikohler.de\/wp-content\/uploads\/2023\/10\/DSC3707_round-65x65.png 65w, https:\/\/staging.metzgereikohler.de\/wp-content\/uploads\/2023\/10\/DSC3707_round.png 400w\" sizes=\"(max-width: 300px) 100vw, 300px\" \/>\t\t\t\t\t\t\t\t\t\t\t\t\t<\/div>\n\t\t\t\t<\/div>\n\t\t\t\t<\/div>\n\t\t<div class=\"elementor-element elementor-element-0842fb0 e-con-full e-flex e-con e-child\" data-id=\"0842fb0\" data-element_type=\"container\">\n\t\t\t\t<div class=\"elementor-element elementor-element-df1399b elementor-widget elementor-widget-heading\" data-id=\"df1399b\" data-element_type=\"widget\" data-widget_type=\"heading.default\">\n\t\t\t\t<div class=\"elementor-widget-container\">\n\t\t\t<style>\/*! elementor - v3.21.0 - 26-05-2024 *\/\n.elementor-heading-title{padding:0;margin:0;line-height:1}.elementor-widget-heading .elementor-heading-title[class*=elementor-size-]>a{color:inherit;font-size:inherit;line-height:inherit}.elementor-widget-heading .elementor-heading-title.elementor-size-small{font-size:15px}.elementor-widget-heading .elementor-heading-title.elementor-size-medium{font-size:19px}.elementor-widget-heading .elementor-heading-title.elementor-size-large{font-size:29px}.elementor-widget-heading .elementor-heading-title.elementor-size-xl{font-size:39px}.elementor-widget-heading .elementor-heading-title.elementor-size-xxl{font-size:59px}<\/style><h2 class=\"elementor-heading-title elementor-size-default\">Fabelhaft Duoro<\/h2>\t\t<\/div>\n\t\t\t\t<\/div>\n\t\t\t\t<div class=\"elementor-element elementor-element-7cf5484 elementor-widget elementor-widget-text-editor\" data-id=\"7cf5484\" data-element_type=\"widget\" data-widget_type=\"text-editor.default\">\n\t\t\t\t<div class=\"elementor-widget-container\">\n\t\t\t<style>\/*! elementor - v3.21.0 - 26-05-2024 *\/\n.elementor-widget-text-editor.elementor-drop-cap-view-stacked .elementor-drop-cap{background-color:#69727d;color:#fff}.elementor-widget-text-editor.elementor-drop-cap-view-framed .elementor-drop-cap{color:#69727d;border:3px solid;background-color:transparent}.elementor-widget-text-editor:not(.elementor-drop-cap-view-default) .elementor-drop-cap{margin-top:8px}.elementor-widget-text-editor:not(.elementor-drop-cap-view-default) .elementor-drop-cap-letter{width:1em;height:1em}.elementor-widget-text-editor .elementor-drop-cap{float:left;text-align:center;line-height:1;font-size:50px}.elementor-widget-text-editor .elementor-drop-cap-letter{display:inline-block}<\/style>\t\t\t\t<p>In der \u201eDouro\u201c Region wird seit beinahe zweitausend Jahren\u00a0<em>Wein<\/em>\u00a0produziert. Seit 2001 UNESCO-Weltkulturerbe geh\u00f6rt sie zu den sch\u00f6nsten Kulturlandschaften in Europa. Mit dem<em>\u00a0Fabelhaft Wein\u00a0<\/em>verwirklicht Dirk\u00a0<em>Niepoort<\/em>\u00a0ein originelles Projekt. Jede Gegend bekommt ihr eigenes Etikett von einem lokalen K\u00fcnstler entworfen. Die so entstandenen Illustrationen symbolisieren das jeweilige Verh\u00e4ltnis der L\u00e4nder zum Wein und stellen eine inhaltliche Verbindung aller Etiketten her. Der\u00a0<em>Niepoort Fabelhaft Tinto<\/em> zeigt eine herrlich rubinrote Farbe mit intensiven Aromen von Waldbeeren, Kr\u00e4utern und Pflaumen. Fabelhaft Tinto ist lebhaft und fruchtig mit schmeichelnden, weichen Tanninen.\u00a0<\/p>\t\t\t\t\t\t<\/div>\n\t\t\t\t<\/div>\n\t\t\t\t<\/div>\n\t\t\t\t\t<\/div>\n\t\t\t\t<\/div>\n\t\t<div class=\"elementor-element elementor-element-80087b4 e-flex e-con-boxed e-con e-parent\" data-id=\"80087b4\" data-element_type=\"container\">\n\t\t\t\t\t<div class=\"e-con-inner\">\n\t\t<div class=\"elementor-element elementor-element-814262b e-con-full e-flex e-con e-child\" data-id=\"814262b\" data-element_type=\"container\">\n\t\t\t\t<div class=\"elementor-element elementor-element-0d6d9e1 elementor-widget elementor-widget-image\" data-id=\"0d6d9e1\" data-element_type=\"widget\" data-widget_type=\"image.default\">\n\t\t\t\t<div class=\"elementor-widget-container\">\n\t\t\t\t\t\t\t\t\t\t\t\t\t<img decoding=\"async\" width=\"298\" height=\"300\" src=\"https:\/\/staging.metzgereikohler.de\/wp-content\/uploads\/2023\/10\/DSC3690_round-298x300.png\" class=\"attachment-medium size-medium wp-image-1742\" alt=\"\" srcset=\"https:\/\/staging.metzgereikohler.de\/wp-content\/uploads\/2023\/10\/DSC3690_round-298x300.png 298w, https:\/\/staging.metzgereikohler.de\/wp-content\/uploads\/2023\/10\/DSC3690_round-150x150.png 150w, https:\/\/staging.metzgereikohler.de\/wp-content\/uploads\/2023\/10\/DSC3690_round-65x65.png 65w, https:\/\/staging.metzgereikohler.de\/wp-content\/uploads\/2023\/10\/DSC3690_round-100x100.png 100w, https:\/\/staging.metzgereikohler.de\/wp-content\/uploads\/2023\/10\/DSC3690_round.png 400w\" sizes=\"(max-width: 298px) 100vw, 298px\" \/>\t\t\t\t\t\t\t\t\t\t\t\t\t<\/div>\n\t\t\t\t<\/div>\n\t\t\t\t<\/div>\n\t\t<div class=\"elementor-element elementor-element-aa4bfe4 e-con-full e-flex e-con e-child\" data-id=\"aa4bfe4\" data-element_type=\"container\">\n\t\t\t\t<div class=\"elementor-element elementor-element-dfc234f elementor-widget elementor-widget-heading\" data-id=\"dfc234f\" data-element_type=\"widget\" data-widget_type=\"heading.default\">\n\t\t\t\t<div class=\"elementor-widget-container\">\n\t\t\t<h2 class=\"elementor-heading-title elementor-size-default\">Gib hier deine \u00dcberschrift ein<\/h2>\t\t<\/div>\n\t\t\t\t<\/div>\n\t\t\t\t<div class=\"elementor-element elementor-element-2af766b elementor-widget elementor-widget-text-editor\" data-id=\"2af766b\" data-element_type=\"widget\" data-widget_type=\"text-editor.default\">\n\t\t\t\t<div class=\"elementor-widget-container\">\n\t\t\t\t\t\t\t<p>Lorem ipsum dolor sit amet, consectetur adipiscing elit. Ut elit tellus, luctus nec ullamcorper mattis, pulvinar dapibus leo.<\/p>\t\t\t\t\t\t<\/div>\n\t\t\t\t<\/div>\n\t\t\t\t<\/div>\n\t\t\t\t\t<\/div>\n\t\t\t\t<\/div>\n\t\t<div class=\"elementor-element elementor-element-628b390 e-flex e-con-boxed e-con e-parent\" data-id=\"628b390\" data-element_type=\"container\">\n\t\t\t\t\t<div class=\"e-con-inner\">\n\t\t<div class=\"elementor-element elementor-element-8f8e5ec e-con-full e-flex e-con e-child\" data-id=\"8f8e5ec\" data-element_type=\"container\">\n\t\t\t\t<div class=\"elementor-element elementor-element-60013f1 elementor-widget elementor-widget-image\" data-id=\"60013f1\" data-element_type=\"widget\" data-widget_type=\"image.default\">\n\t\t\t\t<div class=\"elementor-widget-container\">\n\t\t\t\t\t\t\t\t\t\t\t\t\t<img decoding=\"async\" width=\"300\" height=\"297\" src=\"https:\/\/staging.metzgereikohler.de\/wp-content\/uploads\/2023\/10\/DSC3697_round-300x297.png\" class=\"attachment-medium size-medium wp-image-1746\" alt=\"\" srcset=\"https:\/\/staging.metzgereikohler.de\/wp-content\/uploads\/2023\/10\/DSC3697_round-300x297.png 300w, https:\/\/staging.metzgereikohler.de\/wp-content\/uploads\/2023\/10\/DSC3697_round-150x150.png 150w, https:\/\/staging.metzgereikohler.de\/wp-content\/uploads\/2023\/10\/DSC3697_round-65x65.png 65w, https:\/\/staging.metzgereikohler.de\/wp-content\/uploads\/2023\/10\/DSC3697_round-100x100.png 100w, https:\/\/staging.metzgereikohler.de\/wp-content\/uploads\/2023\/10\/DSC3697_round.png 400w\" sizes=\"(max-width: 300px) 100vw, 300px\" \/>\t\t\t\t\t\t\t\t\t\t\t\t\t<\/div>\n\t\t\t\t<\/div>\n\t\t\t\t<\/div>\n\t\t<div class=\"elementor-element elementor-element-933a14f e-con-full e-flex e-con e-child\" data-id=\"933a14f\" data-element_type=\"container\">\n\t\t\t\t<div class=\"elementor-element elementor-element-949feac elementor-widget elementor-widget-heading\" data-id=\"949feac\" data-element_type=\"widget\" data-widget_type=\"heading.default\">\n\t\t\t\t<div class=\"elementor-widget-container\">\n\t\t\t<h2 class=\"elementor-heading-title elementor-size-default\">Gib hier deine \u00dcberschrift ein<\/h2>\t\t<\/div>\n\t\t\t\t<\/div>\n\t\t\t\t<div class=\"elementor-element elementor-element-459b4a8 elementor-widget elementor-widget-text-editor\" data-id=\"459b4a8\" data-element_type=\"widget\" data-widget_type=\"text-editor.default\">\n\t\t\t\t<div class=\"elementor-widget-container\">\n\t\t\t\t\t\t\t<p>Lorem ipsum dolor sit amet, consectetur adipiscing elit. Ut elit tellus, luctus nec ullamcorper mattis, pulvinar dapibus leo.<\/p>\t\t\t\t\t\t<\/div>\n\t\t\t\t<\/div>\n\t\t\t\t<\/div>\n\t\t\t\t\t<\/div>\n\t\t\t\t<\/div>\n\t\t\t\t<section class=\"elementor-section elementor-top-section elementor-element elementor-element-c826667 elementor-section-stretched elementor-section-full_width elementor-section-height-default elementor-section-height-default\" data-id=\"c826667\" data-element_type=\"section\" data-settings=\"{&quot;stretch_section&quot;:&quot;section-stretched&quot;}\">\n\t\t\t\t\t\t<div class=\"elementor-container elementor-column-gap-default\">\n\t\t\t\t\t<div class=\"elementor-column elementor-col-100 elementor-top-column elementor-element elementor-element-a916c75\" data-id=\"a916c75\" data-element_type=\"column\">\n\t\t\t<div class=\"elementor-widget-wrap elementor-element-populated\">\n\t\t\t\t\t\t<div class=\"elementor-element elementor-element-66ed21b elementor-widget elementor-widget-carneshop_pricing\" data-id=\"66ed21b\" data-element_type=\"widget\" data-widget_type=\"carneshop_pricing.default\">\n\t\t\t\t<div class=\"elementor-widget-container\">\n\t\t\t<section class=\"pricing-section\">\n\t<div class=\"auto-container\">\n\t\t<div class=\"title-box\">\n\t\t\t<h3>Unser Weinangebot<\/h3>\n\t\t<\/div>\n\t\t<div class=\"row clearfix\">\t\n\t\t\t\t\t\t<div class=\"col-lg-6 col-md-6 col-sm-12 inner-column\">\n\t\t\t\t<div class=\"inner-box\">\n\t\t\t\t\t<div class=\"single-item\">\n\t\t\t\t\t\t<div class=\"pricing-header clearfix\">\n\t\t\t\t\t\t\t<h6>San Giovanni<\/h6>\n\t\t\t\t\t\t\t<div class=\"line\"><\/div>\n\t\t\t\t\t\t\t<span>12,95 \u20ac<\/span>\n\t\t\t\t\t\t<\/div>\n\t\t\t\t\t\t<div class=\"text\">\n\t\t\t\t\t\t\t<p>Lorem ipsum dolor sit amet, consectetur adipisicing<\/p>\n\t\t\t\t\t\t<\/div>\n\t\t\t\t\t<\/div>\n\t\t\t\t\t<\/div>\n\t\t\t\t<\/div>\n\t\t\t\t\t\t\t\t<div class=\"col-lg-6 col-md-6 col-sm-12 inner-column\">\n\t\t\t\t<div class=\"inner-box\">\n\t\t\t\t\t<div class=\"single-item\">\n\t\t\t\t\t\t<div class=\"pricing-header clearfix\">\n\t\t\t\t\t\t\t<h6>Don Leone<\/h6>\n\t\t\t\t\t\t\t<div class=\"line\"><\/div>\n\t\t\t\t\t\t\t<span>14,95 \u20ac<\/span>\n\t\t\t\t\t\t<\/div>\n\t\t\t\t\t\t<div class=\"text\">\n\t\t\t\t\t\t\t<p>Lorem ipsum dolor sit amet, consectetur adipisicing<\/p>\n\t\t\t\t\t\t<\/div>\n\t\t\t\t\t<\/div>\n\t\t\t\t\t<\/div>\n\t\t\t\t<\/div>\n\t\t\t\t\t\t\t\t<div class=\"col-lg-6 col-md-6 col-sm-12 inner-column\">\n\t\t\t\t<div class=\"inner-box\">\n\t\t\t\t\t<div class=\"single-item\">\n\t\t\t\t\t\t<div class=\"pricing-header clearfix\">\n\t\t\t\t\t\t\t<h6>Santinella<\/h6>\n\t\t\t\t\t\t\t<div class=\"line\"><\/div>\n\t\t\t\t\t\t\t<span>25,45 \u20ac<\/span>\n\t\t\t\t\t\t<\/div>\n\t\t\t\t\t\t<div class=\"text\">\n\t\t\t\t\t\t\t<p>Lorem ipsum dolor sit amet, consectetur adipisicing<\/p>\n\t\t\t\t\t\t<\/div>\n\t\t\t\t\t<\/div>\n\t\t\t\t\t<\/div>\n\t\t\t\t<\/div>\n\t\t\t\t\t\t\t\t<div class=\"col-lg-6 col-md-6 col-sm-12 inner-column\">\n\t\t\t\t<div class=\"inner-box\">\n\t\t\t\t\t<div class=\"single-item\">\n\t\t\t\t\t\t<div class=\"pricing-header clearfix\">\n\t\t\t\t\t\t\t<h6>Gran Marlon<\/h6>\n\t\t\t\t\t\t\t<div class=\"line\"><\/div>\n\t\t\t\t\t\t\t<span>32,97 \u20ac<\/span>\n\t\t\t\t\t\t<\/div>\n\t\t\t\t\t\t<div class=\"text\">\n\t\t\t\t\t\t\t<p>Lorem ipsum dolor sit amet, consectetur adipisicing<\/p>\n\t\t\t\t\t\t<\/div>\n\t\t\t\t\t<\/div>\n\t\t\t\t\t<\/div>\n\t\t\t\t<\/div>\n\t\t\t\t\t\t\t\t<div class=\"col-lg-6 col-md-6 col-sm-12 inner-column\">\n\t\t\t\t<div class=\"inner-box\">\n\t\t\t\t\t<div class=\"single-item\">\n\t\t\t\t\t\t<div class=\"pricing-header clearfix\">\n\t\t\t\t\t\t\t<h6>Donna Montanga <\/h6>\n\t\t\t\t\t\t\t<div class=\"line\"><\/div>\n\t\t\t\t\t\t\t<span>44,55 \u20ac<\/span>\n\t\t\t\t\t\t<\/div>\n\t\t\t\t\t\t<div class=\"text\">\n\t\t\t\t\t\t\t<p>Lorem ipsum dolor sit amet, consectetur adipisicing<\/p>\n\t\t\t\t\t\t<\/div>\n\t\t\t\t\t<\/div>\n\t\t\t\t\t<\/div>\n\t\t\t\t<\/div>\n\t\t\t\t\n\t\t\t\t<\/div>\n\t<\/div>\n<\/section>\n\t\t\t\t<\/div>\n\t\t\t\t<\/div>\n\t\t\t\t\t<\/div>\n\t\t<\/div>\n\t\t\t\t\t<\/div>\n\t\t<\/section>\n\t\t\t\t<\/div>\n\t\t","protected":false},"excerpt":{"rendered":"<p>REGIONAL &#038; HOCHWERTIG Wir setzen bei unseren Lieferanten auf regionale und hochwertige Partner. Sprechen Sie uns gerne auch dazu an. FREUNDLICH &#038; HERZLICH Sie legen Wert auf erstklassige Wurst- und Fleischqualit\u00e4t vom Metzger Ihres Vertrauens? Sie wissen ein vielseitiges Angebot an regionalen Spezialit\u00e4ten und herzlichen Service zu sch\u00e4tzen? Sie genie\u00dfen auch gern das gewisse \u201eEss-was\u201c <span>&#8230;<\/span><\/p>\n","protected":false},"author":1,"featured_media":0,"parent":0,"menu_order":0,"comment_status":"closed","ping_status":"closed","template":"elementor_header_footer","meta":{"footnotes":""},"class_list":["post-81","page","type-page","status-publish","hentry"],"_links":{"self":[{"href":"https:\/\/staging.metzgereikohler.de\/index.php\/wp-json\/wp\/v2\/pages\/81","targetHints":{"allow":["GET"]}}],"collection":[{"href":"https:\/\/staging.metzgereikohler.de\/index.php\/wp-json\/wp\/v2\/pages"}],"about":[{"href":"https:\/\/staging.metzgereikohler.de\/index.php\/wp-json\/wp\/v2\/types\/page"}],"author":[{"embeddable":true,"href":"https:\/\/staging.metzgereikohler.de\/index.php\/wp-json\/wp\/v2\/users\/1"}],"replies":[{"embeddable":true,"href":"https:\/\/staging.metzgereikohler.de\/index.php\/wp-json\/wp\/v2\/comments?post=81"}],"version-history":[{"count":27,"href":"https:\/\/staging.metzgereikohler.de\/index.php\/wp-json\/wp\/v2\/pages\/81\/revisions"}],"predecessor-version":[{"id":1973,"href":"https:\/\/staging.metzgereikohler.de\/index.php\/wp-json\/wp\/v2\/pages\/81\/revisions\/1973"}],"wp:attachment":[{"href":"https:\/\/staging.metzgereikohler.de\/index.php\/wp-json\/wp\/v2\/media?parent=81"}],"curies":[{"name":"wp","href":"https:\/\/api.w.org\/{rel}","templated":true}]}}